{"id":160,"date":"2020-03-21T15:51:52","date_gmt":"2020-03-21T15:51:52","guid":{"rendered":"http:\/\/smediacenter.wpengine.com\/?page_id=160"},"modified":"2024-02-09T16:10:00","modified_gmt":"2024-02-09T16:10:00","slug":"politique-de-confidentialite","status":"publish","type":"page","link":"https:\/\/socialmediacenter.be\/fr\/politique-de-confidentialite\/","title":{"rendered":"Politique de confidentialit\u00e9 d\u2019ENGIE Solutions"},"content":{"rendered":"<div class=\"wpb-content-wrapper\"><p>[vc_row row_height_percent=\u00a0\u00bb0&Prime; overlay_alpha=\u00a0\u00bb50&Prime; gutter_size=\u00a0\u00bb3&Prime; column_width_percent=\u00a0\u00bb100&Prime; shift_y=\u00a0\u00bb0&Prime; z_index=\u00a0\u00bb0&Prime; el_class=\u00a0\u00bblist-solutions\u00a0\u00bb][vc_column][vc_column_text uncode_shortcode_id=\u00a0\u00bb779446&Prime;]<\/p>\n<h1>Donn\u00e9es personnelles<\/h1>\n<p>Cette notice explique quelles donn\u00e9es personnelles nous recueillons et traitons lorsque vous utilisez le site web <a href=\"https:\/\/socialmediacenter.be\">https:\/\/socialmediacenter.be<\/a> et dans quel but nous utilisons celles-ci.<\/p>\n<p>Le responsable du traitement des donn\u00e9es est :<\/p>\n<p>Electrabel NV\/SA<br \/>\nSimon Bolivarlaan 36, 1000 Bruxelles<br \/>\nBE 0403.170.701<\/p>\n<h3><strong>Quelles informations collectons-nous ?<\/strong><\/h3>\n<p>Lors de la navigation sur le site web <a href=\"https:\/\/socialmediacenter.be\">https:\/\/socialmediacenter.be<\/a>, les types de donn\u00e9es personnelles suivants sont collect\u00e9s :<\/p>\n<ul>\n<li>Requ\u00eates HTTP : chargement d&rsquo;une nouvelle page web sur le site web ou clic sur un lien qui va vers un autre site web.<\/li>\n<li>Informations sur le navigateur \/ le syst\u00e8me.<\/li>\n<li>Cookies de premi\u00e8re partie ou cookies n\u00e9cessaires.<\/li>\n<li>Cookies de suivi ou statistiques par l&rsquo;interm\u00e9diaire de Google Analytics.<\/li>\n<\/ul>\n<h3><strong>Comment utilisons-nous les informations personnelles ?<\/strong><\/h3>\n<p>Les cookies n\u00e9cessaires assurent le bon fonctionnement du site web. Ils sont n\u00e9cessaires, par exemple, pour se souvenir de votre choix et ne peuvent pas \u00eatre refus\u00e9s. Les cookies statistiques sont utilis\u00e9s pour analyser le comportement des visiteurs de notre site web, afin d&rsquo;en am\u00e9liorer la convivialit\u00e9. Ces donn\u00e9es ne seront utilis\u00e9es que pour des analyses statistiques et ne seront pas li\u00e9es \u00e0 un profil d&rsquo;utilisateur individuel.<\/p>\n<h3><strong>Sur quelle base traitons-nous vos donn\u00e9es personnelles ?<\/strong><\/h3>\n<p>Les cookies n\u00e9cessaires sont utilis\u00e9s sur base de l&rsquo;int\u00e9r\u00eat l\u00e9gitime. Les cookies statistiques sont utilis\u00e9s sur base de votre consentement.<\/p>\n<h3><strong>Combien de temps conservons-nous vos donn\u00e9es personnelles ?<\/strong><\/h3>\n<p>Les donn\u00e9es des utilisateurs qui ont \u00e9t\u00e9 r\u00e9colt\u00e9es via Google Analytics seront supprim\u00e9es au bout de 14 mois. Le service Google \u00ab\u00a0Anonymisation\u00a0\u00bb des adresses IP est actif, ce qui signifie que les derniers chiffres de l&rsquo;adresse IP ne seront pas stock\u00e9s par Google.<\/p>\n<h3><strong>Quand partageons-nous les donn\u00e9es personnelles ?<\/strong><\/h3>\n<p>Aucune donn\u00e9e collect\u00e9e par le biais de notre site Internet ne sera partag\u00e9e avec d&rsquo;autres parties. Les donn\u00e9es trait\u00e9es ne seront utilis\u00e9es qu&rsquo;\u00e0 des fins internes telles que d\u00e9crites ci-dessus.<\/p>\n<h3><strong>Vos droits en mati\u00e8re de donn\u00e9es personnelles<\/strong><\/h3>\n<p>En tant que personne concern\u00e9e, vous pouvez exercer plusieurs droits concernant vos donn\u00e9es personnelles :<\/p>\n<ul>\n<li>Le droit d&rsquo;acc\u00e8s \u00e0 vos donn\u00e9es personnelles ;<\/li>\n<li>Le droit de rectification de vos donn\u00e9es personnelles ;<\/li>\n<li>Le droit \u00e0 l&rsquo;effacement de vos donn\u00e9es personnelles (\u00ab\u00a0droit \u00e0 l&rsquo;oubli\u00a0\u00bb) ;<\/li>\n<li>Le droit \u00e0 la restriction du traitement ;<\/li>\n<li>Le droit \u00e0 l&rsquo;information ;<\/li>\n<li>Le droit \u00e0 la portabilit\u00e9 des donn\u00e9es ;<\/li>\n<li>Le droit d&rsquo;opposition ;<\/li>\n<li>Le droit de ne pas \u00eatre soumis \u00e0 une prise de d\u00e9cision automatis\u00e9e produisant des effets juridiques.<\/li>\n<\/ul>\n<p>Vous pouvez soumettre votre demande par l\u2019interm\u00e9diaire de notre portail de protection des donn\u00e9es \u00e0 l&rsquo;adresse <a href=\"https:\/\/www.engie-benelux-privacy.com\/fr\/\">https:\/\/www.engie-benelux-privacy.com\/fr\/<\/a>.<\/p>\n<p>Vous avez \u00e9galement le droit de d\u00e9poser une plainte aupr\u00e8s de l&rsquo;Autorit\u00e9 de protection des donn\u00e9es (GBA &#8211; APD) : <a href=\"https:\/\/www.GegevensBeschermingsAutoriteit.be\">www.GegevensBeschermingsAutoriteit.be<\/a> (NL) ou www.AutoriteProtectionDonnees.be (FR).<\/p>\n<h3><strong>O\u00f9 stockons-nous et traitons-nous les donn\u00e9es personnelles ?<\/strong><\/h3>\n<p>Les donn\u00e9es utilisateurs qui ont \u00e9t\u00e9 suivies \u00e0 l&rsquo;aide de Google Analytics sont h\u00e9berg\u00e9es sur les centres de donn\u00e9es de Google.<\/p>\n<h3><strong>Comment s\u00e9curisons-nous les donn\u00e9es personnelles ?<\/strong><\/h3>\n<p>Seuls certains membres du personnel ont acc\u00e8s aux rapports de Google Analytics.<\/p>\n<h3><strong>Questions relatives \u00e0 la protection de la vie priv\u00e9e<\/strong><\/h3>\n<p>Si vous souhaitez exercer l&rsquo;un des droits mentionn\u00e9s dans le pr\u00e9sent avis ou si vous avez une question relative \u00e0 la protection de la vie priv\u00e9e, vous pouvez contacter l&rsquo;\u00e9quipe charg\u00e9e de la protection des donn\u00e9es :<\/p>\n<ul>\n<li>Par l&rsquo;interm\u00e9diaire du portail de protection des donn\u00e9es : <a href=\"https:\/\/www.engie-benelux-privacy.com\/fr\/\">https:\/\/www.engie-benelux-privacy.com\/fr\/<\/a><\/li>\n<li>Par courrier \u00e9lectronique \u00e0 l&rsquo;adresse <a href=\"mailto:data.protection.be@engie.com\">data.protection.be@engie.com<\/a><\/li>\n<li>Ou par courrier \u00e0 ENGIE Belgium Data Protection team, Bd. Simon Bolivar 36, B-1000 Bruxelles.<\/li>\n<li>Vous pouvez contacter le charg\u00e9 de la protection des donn\u00e9es (DPO) pour les questions relatives au traitement de tes donn\u00e9es et \u00e0 l&rsquo;exercice de tes droits \u00e0 l&rsquo;adresse <a href=\"mailto:be-dpo@engie.com\">be-dpo@engie.com<\/a>.<\/li>\n<\/ul>\n<p>[\/vc_column_text][\/vc_column][\/vc_row]<\/p>\n<\/div>","protected":false},"excerpt":{"rendered":"<p>[vc_row row_height_percent=\u00a0\u00bb0&Prime; overlay_alpha=\u00a0\u00bb50&Prime; gutter_size=\u00a0\u00bb3&Prime; column_width_percent=\u00a0\u00bb100&Prime; shift_y=\u00a0\u00bb0&Prime; z_index=\u00a0\u00bb0&Prime; el_class=\u00a0\u00bblist-solutions\u00a0\u00bb][vc_column][vc_column_text uncode_shortcode_id=\u00a0\u00bb779446&Prime;] Donn\u00e9es personnelles Cette notice explique quelles donn\u00e9es personnelles nous recueillons et [&hellip;]<\/p>\n","protected":false},"author":2,"featured_media":0,"parent":0,"menu_order":0,"comment_status":"closed","ping_status":"closed","template":"","meta":{"footnotes":""},"class_list":["post-160","page","type-page","status-publish","hentry"],"yoast_head":"<!-- This site is optimized with the Yoast SEO plugin v27.4 - https:\/\/yoast.com\/product\/yoast-seo-wordpress\/ -->\n<title>Politique de confidentialit\u00e9 d\u2019ENGIE Solutions - ENGIE Social Media Center<\/title>\n<meta name=\"robots\" content=\"noindex, follow, max-snippet:-1, max-image-preview:large, max-video-preview:-1\" \/>\n<meta property=\"og:locale\" content=\"fr_FR\" \/>\n<meta property=\"og:type\" content=\"article\" \/>\n<meta property=\"og:title\" content=\"Politique de confidentialit\u00e9 d\u2019ENGIE Solutions - ENGIE Social Media Center\" \/>\n<meta property=\"og:description\" content=\"[vc_row row_height_percent=\u00a0\u00bb0&Prime; overlay_alpha=\u00a0\u00bb50&Prime; gutter_size=\u00a0\u00bb3&Prime; column_width_percent=\u00a0\u00bb100&Prime; shift_y=\u00a0\u00bb0&Prime; z_index=\u00a0\u00bb0&Prime; el_class=\u00a0\u00bblist-solutions\u00a0\u00bb][vc_column][vc_column_text uncode_shortcode_id=\u00a0\u00bb779446&Prime;] Donn\u00e9es personnelles Cette notice explique quelles donn\u00e9es personnelles nous recueillons et [&hellip;]\" \/>\n<meta property=\"og:url\" content=\"https:\/\/socialmediacenter.be\/fr\/politique-de-confidentialite\/\" \/>\n<meta property=\"og:site_name\" content=\"ENGIE Social Media Center\" \/>\n<meta property=\"article:modified_time\" content=\"2024-02-09T16:10:00+00:00\" \/>\n<meta name=\"twitter:card\" content=\"summary_large_image\" \/>\n<meta name=\"twitter:label1\" content=\"Dur\u00e9e de lecture estim\u00e9e\" \/>\n\t<meta name=\"twitter:data1\" content=\"3 minutes\" \/>\n<script type=\"application\/ld+json\" class=\"yoast-schema-graph\">{\"@context\":\"https:\\\/\\\/schema.org\",\"@graph\":[{\"@type\":\"WebPage\",\"@id\":\"https:\\\/\\\/socialmediacenter.be\\\/fr\\\/politique-de-confidentialite\\\/\",\"url\":\"https:\\\/\\\/socialmediacenter.be\\\/fr\\\/politique-de-confidentialite\\\/\",\"name\":\"Politique de confidentialit\u00e9 d\u2019ENGIE Solutions - ENGIE Social Media Center\",\"isPartOf\":{\"@id\":\"https:\\\/\\\/socialmediacenter.be\\\/fr\\\/#website\"},\"datePublished\":\"2020-03-21T15:51:52+00:00\",\"dateModified\":\"2024-02-09T16:10:00+00:00\",\"breadcrumb\":{\"@id\":\"https:\\\/\\\/socialmediacenter.be\\\/fr\\\/politique-de-confidentialite\\\/#breadcrumb\"},\"inLanguage\":\"fr-FR\",\"potentialAction\":[{\"@type\":\"ReadAction\",\"target\":[\"https:\\\/\\\/socialmediacenter.be\\\/fr\\\/politique-de-confidentialite\\\/\"]}]},{\"@type\":\"BreadcrumbList\",\"@id\":\"https:\\\/\\\/socialmediacenter.be\\\/fr\\\/politique-de-confidentialite\\\/#breadcrumb\",\"itemListElement\":[{\"@type\":\"ListItem\",\"position\":1,\"name\":\"Accueil\",\"item\":\"https:\\\/\\\/socialmediacenter.be\\\/fr\\\/\"},{\"@type\":\"ListItem\",\"position\":2,\"name\":\"Politique de confidentialit\u00e9 d\u2019ENGIE Solutions\"}]},{\"@type\":\"WebSite\",\"@id\":\"https:\\\/\\\/socialmediacenter.be\\\/fr\\\/#website\",\"url\":\"https:\\\/\\\/socialmediacenter.be\\\/fr\\\/\",\"name\":\"ENGIE Social Media Center\",\"description\":\"Pour une communication plus responsable et positive sur les r\u00e9seaux sociaux en 2021\",\"publisher\":{\"@id\":\"https:\\\/\\\/socialmediacenter.be\\\/fr\\\/#organization\"},\"potentialAction\":[{\"@type\":\"SearchAction\",\"target\":{\"@type\":\"EntryPoint\",\"urlTemplate\":\"https:\\\/\\\/socialmediacenter.be\\\/fr\\\/?s={search_term_string}\"},\"query-input\":{\"@type\":\"PropertyValueSpecification\",\"valueRequired\":true,\"valueName\":\"search_term_string\"}}],\"inLanguage\":\"fr-FR\"},{\"@type\":\"Organization\",\"@id\":\"https:\\\/\\\/socialmediacenter.be\\\/fr\\\/#organization\",\"name\":\"ENGIE Solutions\",\"url\":\"https:\\\/\\\/socialmediacenter.be\\\/fr\\\/\",\"logo\":{\"@type\":\"ImageObject\",\"inLanguage\":\"fr-FR\",\"@id\":\"https:\\\/\\\/socialmediacenter.be\\\/fr\\\/#\\\/schema\\\/logo\\\/image\\\/\",\"url\":\"\",\"contentUrl\":\"\",\"caption\":\"ENGIE Solutions\"},\"image\":{\"@id\":\"https:\\\/\\\/socialmediacenter.be\\\/fr\\\/#\\\/schema\\\/logo\\\/image\\\/\"}}]}<\/script>\n<!-- \/ Yoast SEO plugin. -->","yoast_head_json":{"title":"Politique de confidentialit\u00e9 d\u2019ENGIE Solutions - ENGIE Social Media Center","robots":{"index":"noindex","follow":"follow","max-snippet":"max-snippet:-1","max-image-preview":"max-image-preview:large","max-video-preview":"max-video-preview:-1"},"og_locale":"fr_FR","og_type":"article","og_title":"Politique de confidentialit\u00e9 d\u2019ENGIE Solutions - ENGIE Social Media Center","og_description":"[vc_row row_height_percent=\u00a0\u00bb0&Prime; overlay_alpha=\u00a0\u00bb50&Prime; gutter_size=\u00a0\u00bb3&Prime; column_width_percent=\u00a0\u00bb100&Prime; shift_y=\u00a0\u00bb0&Prime; z_index=\u00a0\u00bb0&Prime; el_class=\u00a0\u00bblist-solutions\u00a0\u00bb][vc_column][vc_column_text uncode_shortcode_id=\u00a0\u00bb779446&Prime;] Donn\u00e9es personnelles Cette notice explique quelles donn\u00e9es personnelles nous recueillons et [&hellip;]","og_url":"https:\/\/socialmediacenter.be\/fr\/politique-de-confidentialite\/","og_site_name":"ENGIE Social Media Center","article_modified_time":"2024-02-09T16:10:00+00:00","twitter_card":"summary_large_image","twitter_misc":{"Dur\u00e9e de lecture estim\u00e9e":"3 minutes"},"schema":{"@context":"https:\/\/schema.org","@graph":[{"@type":"WebPage","@id":"https:\/\/socialmediacenter.be\/fr\/politique-de-confidentialite\/","url":"https:\/\/socialmediacenter.be\/fr\/politique-de-confidentialite\/","name":"Politique de confidentialit\u00e9 d\u2019ENGIE Solutions - ENGIE Social Media Center","isPartOf":{"@id":"https:\/\/socialmediacenter.be\/fr\/#website"},"datePublished":"2020-03-21T15:51:52+00:00","dateModified":"2024-02-09T16:10:00+00:00","breadcrumb":{"@id":"https:\/\/socialmediacenter.be\/fr\/politique-de-confidentialite\/#breadcrumb"},"inLanguage":"fr-FR","potentialAction":[{"@type":"ReadAction","target":["https:\/\/socialmediacenter.be\/fr\/politique-de-confidentialite\/"]}]},{"@type":"BreadcrumbList","@id":"https:\/\/socialmediacenter.be\/fr\/politique-de-confidentialite\/#breadcrumb","itemListElement":[{"@type":"ListItem","position":1,"name":"Accueil","item":"https:\/\/socialmediacenter.be\/fr\/"},{"@type":"ListItem","position":2,"name":"Politique de confidentialit\u00e9 d\u2019ENGIE Solutions"}]},{"@type":"WebSite","@id":"https:\/\/socialmediacenter.be\/fr\/#website","url":"https:\/\/socialmediacenter.be\/fr\/","name":"ENGIE Social Media Center","description":"Pour une communication plus responsable et positive sur les r\u00e9seaux sociaux en 2021","publisher":{"@id":"https:\/\/socialmediacenter.be\/fr\/#organization"},"potentialAction":[{"@type":"SearchAction","target":{"@type":"EntryPoint","urlTemplate":"https:\/\/socialmediacenter.be\/fr\/?s={search_term_string}"},"query-input":{"@type":"PropertyValueSpecification","valueRequired":true,"valueName":"search_term_string"}}],"inLanguage":"fr-FR"},{"@type":"Organization","@id":"https:\/\/socialmediacenter.be\/fr\/#organization","name":"ENGIE Solutions","url":"https:\/\/socialmediacenter.be\/fr\/","logo":{"@type":"ImageObject","inLanguage":"fr-FR","@id":"https:\/\/socialmediacenter.be\/fr\/#\/schema\/logo\/image\/","url":"","contentUrl":"","caption":"ENGIE Solutions"},"image":{"@id":"https:\/\/socialmediacenter.be\/fr\/#\/schema\/logo\/image\/"}}]}},"_links":{"self":[{"href":"https:\/\/socialmediacenter.be\/fr\/wp-json\/wp\/v2\/pages\/160","targetHints":{"allow":["GET"]}}],"collection":[{"href":"https:\/\/socialmediacenter.be\/fr\/wp-json\/wp\/v2\/pages"}],"about":[{"href":"https:\/\/socialmediacenter.be\/fr\/wp-json\/wp\/v2\/types\/page"}],"author":[{"embeddable":true,"href":"https:\/\/socialmediacenter.be\/fr\/wp-json\/wp\/v2\/users\/2"}],"replies":[{"embeddable":true,"href":"https:\/\/socialmediacenter.be\/fr\/wp-json\/wp\/v2\/comments?post=160"}],"version-history":[{"count":0,"href":"https:\/\/socialmediacenter.be\/fr\/wp-json\/wp\/v2\/pages\/160\/revisions"}],"wp:attachment":[{"href":"https:\/\/socialmediacenter.be\/fr\/wp-json\/wp\/v2\/media?parent=160"}],"curies":[{"name":"wp","href":"https:\/\/api.w.org\/{rel}","templated":true}]}}