{"id":2308,"date":"2021-02-09T11:54:40","date_gmt":"2021-02-09T11:54:40","guid":{"rendered":"http:\/\/smediacenter.wpengine.com\/quiz\/"},"modified":"2021-03-22T15:03:06","modified_gmt":"2021-03-22T15:03:06","slug":"quiz","status":"publish","type":"page","link":"https:\/\/socialmediacenter.be\/fr\/quiz\/","title":{"rendered":"Testez vos connaissances !"},"content":{"rendered":"<div class=\"wpb-content-wrapper\"><p>[vc_row row_height_percent=\u00a0\u00bb0&Prime; override_padding=\u00a0\u00bbyes\u00a0\u00bb h_padding=\u00a0\u00bb2&Prime; top_padding=\u00a0\u00bb2&Prime; bottom_padding=\u00a0\u00bb1&Prime; overlay_alpha=\u00a0\u00bb50&Prime; gutter_size=\u00a0\u00bb3&Prime; column_width_percent=\u00a0\u00bb100&Prime; shift_y=\u00a0\u00bb0&Prime; z_index=\u00a0\u00bb0&Prime;][vc_column column_width_percent=\u00a0\u00bb100&Prime; position_vertical=\u00a0\u00bbmiddle\u00a0\u00bb align_horizontal=\u00a0\u00bbalign_center\u00a0\u00bb gutter_size=\u00a0\u00bb2&Prime; style=\u00a0\u00bbdark\u00a0\u00bb overlay_alpha=\u00a0\u00bb50&Prime; shift_x=\u00a0\u00bb0&Prime; shift_y=\u00a0\u00bb0&Prime; shift_y_down=\u00a0\u00bb0&Prime; z_index=\u00a0\u00bb0&Prime; medium_width=\u00a0\u00bb0&Prime; mobile_width=\u00a0\u00bb0&Prime; width=\u00a0\u00bb1\/1&Prime;][vc_empty_space empty_h=\u00a0\u00bb2&Prime; desktop_visibility=\u00a0\u00bbyes\u00a0\u00bb medium_visibility=\u00a0\u00bbyes\u00a0\u00bb mobile_visibility=\u00a0\u00bbyes\u00a0\u00bb][vc_custom_heading heading_semantic=\u00a0\u00bbh1&Prime; text_font=\u00a0\u00bbfont-728003&Prime; text_size=\u00a0\u00bbh1&Prime; text_color=\u00a0\u00bbcolor-xsdn\u00a0\u00bb]Testez vos connaissances ![\/vc_custom_heading][vc_column_text]Vous faites vos premiers pas sur les r\u00e9seaux sociaux et \u00eates compl\u00e8tement perdu si on vous parle de tagger, d\u2019hashtags ou encore de pokes ? Ou vous \u00eates plut\u00f4t du style \u00e0 surfer tant et plus, jongler avec les hashtags et \u00ab Instagramer \u00bb plus vite que votre ombre ?<br \/>\nD\u00e9couvrez ici si vous \u00eates un di(gi)nosaure, un digital wannabee, une digiqueen ou digiking ou plut\u00f4t un digiexpert.[\/vc_column_text][\/vc_column][\/vc_row][vc_row][vc_column column_width_percent=\u00a0\u00bb100&Prime; position_vertical=\u00a0\u00bbmiddle\u00a0\u00bb align_horizontal=\u00a0\u00bbalign_center\u00a0\u00bb gutter_size=\u00a0\u00bb2&Prime; back_color=\u00a0\u00bbcolor-xsdn\u00a0\u00bb overlay_alpha=\u00a0\u00bb50&Prime; shift_x=\u00a0\u00bb0&Prime; shift_y=\u00a0\u00bb0&Prime; shift_y_down=\u00a0\u00bb0&Prime; z_index=\u00a0\u00bb0&Prime; medium_width=\u00a0\u00bb0&Prime; mobile_width=\u00a0\u00bb0&Prime; radius=\u00a0\u00bbxs\u00a0\u00bb shadow=\u00a0\u00bbsm\u00a0\u00bb width=\u00a0\u00bb1\/1&Prime;][vc_raw_html]JTNDZGl2JTIwaWQlM0QlMjJxdWFsaWZpb19pbnNlcnRfcGxhY2VfODg5OTMzJTIyJTIwY2xhc3MlM0QlMjJxdWFsaWZpb19pZnJhbWVfd3JhcHBlciUyMiUzRSUzQyUyRmRpdiUzRSUwQSUwQSUzQ3NjcmlwdCUyMHR5cGUlM0QlMjJ0ZXh0JTJGamF2YXNjcmlwdCUyMiUzRSUwQSUyOGZ1bmN0aW9uJTI4YiUyQ28lMkNuJTJDdSUyQ3MlMjklN0J2YXIlMjBhJTJDdCUzQmElM0RiLmNyZWF0ZUVsZW1lbnQlMjh1JTI5JTNCYS5hc3luYyUzRDElM0JhLnNyYyUzRHMlM0J0JTNEYi5nZXRFbGVtZW50c0J5VGFnTmFtZSUyOHUlMjklNUIwJTVEJTNCdC5wYXJlbnROb2RlLmluc2VydEJlZm9yZSUyOGElMkN0JTI5JTNCbyU1Qm4lNUQlM0RvJTVCbiU1RCU3QyU3QyU1QiU1RCU3RCUyOSUyMCUyOGRvY3VtZW50JTJDd2luZG93JTJDJTI3X3F1YWxfYXN5bmMlMjclMkMlMjdzY3JpcHQlMjclMkMlMjclMkYlMkZlbmdpZS5xdWFsaWZpb2FwcC5jb20lMkZraXQlMkZxdWFscC4yLm1pbi5qcyUyNyUyOSUzQiUwQV9xdWFsX2FzeW5jLnB1c2glMjglNUIlMjdjcmVhdGVJZnJhbWUlMjclMkMlMjAlMjdxdWFsaWZpb19pbnNlcnRfcGxhY2VfODg5OTMzJTI3JTJDJTIwJTI3ZW5naWUucXVhbGlmaW9hcHAuY29tJTI3JTJDJTIwJTI3MjAlMjclMkMlMjAlMjdCNUM3N0ZGMS03NzIyLTQ5MjctQTU4NC1DNDAzQ0Y3N0Q1QkQlMjclMkMlMjAlMjcxMDAlMjUlMjclMkMlMjAlMjcxMjAwJTI3JTJDJTIwJTI3JTI3JTJDJTIwJTI3JTI3JTJDJTIwJTI3JTI3JTJDJTIwJTI3bWF4LXdpZHRoJTNBMTAwMHB4JTNCbWFyZ2luJTNBMCUyMGF1dG8lM0IlMjclNUQlMjklM0IlMEElM0MlMkZzY3JpcHQlM0UlMEE=[\/vc_raw_html][\/vc_column][\/vc_row][vc_row][vc_column column_width_percent=\u00a0\u00bb100&Prime; align_horizontal=\u00a0\u00bbalign_center\u00a0\u00bb gutter_size=\u00a0\u00bb3&Prime; overlay_alpha=\u00a0\u00bb50&Prime; shift_x=\u00a0\u00bb0&Prime; shift_y=\u00a0\u00bb0&Prime; shift_y_down=\u00a0\u00bb0&Prime; z_index=\u00a0\u00bb0&Prime; medium_width=\u00a0\u00bb0&Prime; mobile_width=\u00a0\u00bb0&Prime; width=\u00a0\u00bb1\/1&Prime;][vc_single_image media=\u00a0\u00bb2447&Prime; media_width_percent=\u00a0\u00bb100&Prime;][vc_empty_space empty_h=\u00a0\u00bb3&Prime; mobile_visibility=\u00a0\u00bbyes\u00a0\u00bb][vc_button button_color=\u00a0\u00bbcolor-577984&Prime; size=\u00a0\u00bbbtn-lg\u00a0\u00bb radius=\u00a0\u00bbbtn-circle\u00a0\u00bb border_animation=\u00a0\u00bbbtn-ripple-out\u00a0\u00bb hover_fx=\u00a0\u00bbfull-colored\u00a0\u00bb outline=\u00a0\u00bbyes\u00a0\u00bb border_width=\u00a0\u00bb0&Prime; link=\u00a0\u00bburl:%2Ffr%2F|title:Social%20Media%20Center\u00a0\u00bb]&lt; Retour vers la page d&rsquo;accueil[\/vc_button][vc_empty_space empty_h=\u00a0\u00bb1&Prime; mobile_visibility=\u00a0\u00bbyes\u00a0\u00bb][\/vc_column][\/vc_row]<\/p>\n<\/div>","protected":false},"excerpt":{"rendered":"<p>[vc_row row_height_percent=\u00a0\u00bb0&Prime; override_padding=\u00a0\u00bbyes\u00a0\u00bb h_padding=\u00a0\u00bb2&Prime; top_padding=\u00a0\u00bb2&Prime; bottom_padding=\u00a0\u00bb1&Prime; overlay_alpha=\u00a0\u00bb50&Prime; gutter_size=\u00a0\u00bb3&Prime; column_width_percent=\u00a0\u00bb100&Prime; shift_y=\u00a0\u00bb0&Prime; z_index=\u00a0\u00bb0&Prime;][vc_column column_width_percent=\u00a0\u00bb100&Prime; position_vertical=\u00a0\u00bbmiddle\u00a0\u00bb align_horizontal=\u00a0\u00bbalign_center\u00a0\u00bb gutter_size=\u00a0\u00bb2&Prime; style=\u00a0\u00bbdark\u00a0\u00bb overlay_alpha=\u00a0\u00bb50&Prime; shift_x=\u00a0\u00bb0&Prime; shift_y=\u00a0\u00bb0&Prime; shift_y_down=\u00a0\u00bb0&Prime; [&hellip;]<\/p>\n","protected":false},"author":2,"featured_media":0,"parent":0,"menu_order":0,"comment_status":"closed","ping_status":"closed","template":"","meta":{"footnotes":""},"class_list":["post-2308","page","type-page","status-publish","hentry"],"yoast_head":"<!-- This site is optimized with the Yoast SEO plugin v27.4 - https:\/\/yoast.com\/product\/yoast-seo-wordpress\/ -->\n<title>Testez vos connaissances ! - ENGIE Social Media Center<\/title>\n<meta name=\"robots\" content=\"noindex, follow, max-snippet:-1, max-image-preview:large, max-video-preview:-1\" \/>\n<meta property=\"og:locale\" content=\"fr_FR\" \/>\n<meta property=\"og:type\" content=\"article\" \/>\n<meta property=\"og:title\" content=\"Testez vos connaissances ! - ENGIE Social Media Center\" \/>\n<meta property=\"og:description\" content=\"[vc_row row_height_percent=\u00a0\u00bb0&Prime; override_padding=\u00a0\u00bbyes\u00a0\u00bb h_padding=\u00a0\u00bb2&Prime; top_padding=\u00a0\u00bb2&Prime; bottom_padding=\u00a0\u00bb1&Prime; overlay_alpha=\u00a0\u00bb50&Prime; gutter_size=\u00a0\u00bb3&Prime; column_width_percent=\u00a0\u00bb100&Prime; shift_y=\u00a0\u00bb0&Prime; z_index=\u00a0\u00bb0&Prime;][vc_column column_width_percent=\u00a0\u00bb100&Prime; position_vertical=\u00a0\u00bbmiddle\u00a0\u00bb align_horizontal=\u00a0\u00bbalign_center\u00a0\u00bb gutter_size=\u00a0\u00bb2&Prime; style=\u00a0\u00bbdark\u00a0\u00bb overlay_alpha=\u00a0\u00bb50&Prime; shift_x=\u00a0\u00bb0&Prime; shift_y=\u00a0\u00bb0&Prime; shift_y_down=\u00a0\u00bb0&Prime; [&hellip;]\" \/>\n<meta property=\"og:url\" content=\"https:\/\/socialmediacenter.be\/fr\/quiz\/\" \/>\n<meta property=\"og:site_name\" content=\"ENGIE Social Media Center\" \/>\n<meta property=\"article:modified_time\" content=\"2021-03-22T15:03:06+00:00\" \/>\n<meta name=\"twitter:card\" content=\"summary_large_image\" \/>\n<meta name=\"twitter:label1\" content=\"Dur\u00e9e de lecture estim\u00e9e\" \/>\n\t<meta name=\"twitter:data1\" content=\"1 minute\" \/>\n<script type=\"application\/ld+json\" class=\"yoast-schema-graph\">{\"@context\":\"https:\\\/\\\/schema.org\",\"@graph\":[{\"@type\":\"WebPage\",\"@id\":\"https:\\\/\\\/socialmediacenter.be\\\/fr\\\/quiz\\\/\",\"url\":\"https:\\\/\\\/socialmediacenter.be\\\/fr\\\/quiz\\\/\",\"name\":\"Testez vos connaissances ! - ENGIE Social Media Center\",\"isPartOf\":{\"@id\":\"https:\\\/\\\/socialmediacenter.be\\\/fr\\\/#website\"},\"datePublished\":\"2021-02-09T11:54:40+00:00\",\"dateModified\":\"2021-03-22T15:03:06+00:00\",\"breadcrumb\":{\"@id\":\"https:\\\/\\\/socialmediacenter.be\\\/fr\\\/quiz\\\/#breadcrumb\"},\"inLanguage\":\"fr-FR\",\"potentialAction\":[{\"@type\":\"ReadAction\",\"target\":[\"https:\\\/\\\/socialmediacenter.be\\\/fr\\\/quiz\\\/\"]}]},{\"@type\":\"BreadcrumbList\",\"@id\":\"https:\\\/\\\/socialmediacenter.be\\\/fr\\\/quiz\\\/#breadcrumb\",\"itemListElement\":[{\"@type\":\"ListItem\",\"position\":1,\"name\":\"Accueil\",\"item\":\"https:\\\/\\\/socialmediacenter.be\\\/fr\\\/\"},{\"@type\":\"ListItem\",\"position\":2,\"name\":\"Testez vos connaissances !\"}]},{\"@type\":\"WebSite\",\"@id\":\"https:\\\/\\\/socialmediacenter.be\\\/fr\\\/#website\",\"url\":\"https:\\\/\\\/socialmediacenter.be\\\/fr\\\/\",\"name\":\"ENGIE Social Media Center\",\"description\":\"Pour une communication plus responsable et positive sur les r\u00e9seaux sociaux en 2021\",\"publisher\":{\"@id\":\"https:\\\/\\\/socialmediacenter.be\\\/fr\\\/#organization\"},\"potentialAction\":[{\"@type\":\"SearchAction\",\"target\":{\"@type\":\"EntryPoint\",\"urlTemplate\":\"https:\\\/\\\/socialmediacenter.be\\\/fr\\\/?s={search_term_string}\"},\"query-input\":{\"@type\":\"PropertyValueSpecification\",\"valueRequired\":true,\"valueName\":\"search_term_string\"}}],\"inLanguage\":\"fr-FR\"},{\"@type\":\"Organization\",\"@id\":\"https:\\\/\\\/socialmediacenter.be\\\/fr\\\/#organization\",\"name\":\"ENGIE Solutions\",\"url\":\"https:\\\/\\\/socialmediacenter.be\\\/fr\\\/\",\"logo\":{\"@type\":\"ImageObject\",\"inLanguage\":\"fr-FR\",\"@id\":\"https:\\\/\\\/socialmediacenter.be\\\/fr\\\/#\\\/schema\\\/logo\\\/image\\\/\",\"url\":\"\",\"contentUrl\":\"\",\"caption\":\"ENGIE Solutions\"},\"image\":{\"@id\":\"https:\\\/\\\/socialmediacenter.be\\\/fr\\\/#\\\/schema\\\/logo\\\/image\\\/\"}}]}<\/script>\n<!-- \/ Yoast SEO plugin. -->","yoast_head_json":{"title":"Testez vos connaissances ! - ENGIE Social Media Center","robots":{"index":"noindex","follow":"follow","max-snippet":"max-snippet:-1","max-image-preview":"max-image-preview:large","max-video-preview":"max-video-preview:-1"},"og_locale":"fr_FR","og_type":"article","og_title":"Testez vos connaissances ! - ENGIE Social Media Center","og_description":"[vc_row row_height_percent=\u00a0\u00bb0&Prime; override_padding=\u00a0\u00bbyes\u00a0\u00bb h_padding=\u00a0\u00bb2&Prime; top_padding=\u00a0\u00bb2&Prime; bottom_padding=\u00a0\u00bb1&Prime; overlay_alpha=\u00a0\u00bb50&Prime; gutter_size=\u00a0\u00bb3&Prime; column_width_percent=\u00a0\u00bb100&Prime; shift_y=\u00a0\u00bb0&Prime; z_index=\u00a0\u00bb0&Prime;][vc_column column_width_percent=\u00a0\u00bb100&Prime; position_vertical=\u00a0\u00bbmiddle\u00a0\u00bb align_horizontal=\u00a0\u00bbalign_center\u00a0\u00bb gutter_size=\u00a0\u00bb2&Prime; style=\u00a0\u00bbdark\u00a0\u00bb overlay_alpha=\u00a0\u00bb50&Prime; shift_x=\u00a0\u00bb0&Prime; shift_y=\u00a0\u00bb0&Prime; shift_y_down=\u00a0\u00bb0&Prime; [&hellip;]","og_url":"https:\/\/socialmediacenter.be\/fr\/quiz\/","og_site_name":"ENGIE Social Media Center","article_modified_time":"2021-03-22T15:03:06+00:00","twitter_card":"summary_large_image","twitter_misc":{"Dur\u00e9e de lecture estim\u00e9e":"1 minute"},"schema":{"@context":"https:\/\/schema.org","@graph":[{"@type":"WebPage","@id":"https:\/\/socialmediacenter.be\/fr\/quiz\/","url":"https:\/\/socialmediacenter.be\/fr\/quiz\/","name":"Testez vos connaissances ! - ENGIE Social Media Center","isPartOf":{"@id":"https:\/\/socialmediacenter.be\/fr\/#website"},"datePublished":"2021-02-09T11:54:40+00:00","dateModified":"2021-03-22T15:03:06+00:00","breadcrumb":{"@id":"https:\/\/socialmediacenter.be\/fr\/quiz\/#breadcrumb"},"inLanguage":"fr-FR","potentialAction":[{"@type":"ReadAction","target":["https:\/\/socialmediacenter.be\/fr\/quiz\/"]}]},{"@type":"BreadcrumbList","@id":"https:\/\/socialmediacenter.be\/fr\/quiz\/#breadcrumb","itemListElement":[{"@type":"ListItem","position":1,"name":"Accueil","item":"https:\/\/socialmediacenter.be\/fr\/"},{"@type":"ListItem","position":2,"name":"Testez vos connaissances !"}]},{"@type":"WebSite","@id":"https:\/\/socialmediacenter.be\/fr\/#website","url":"https:\/\/socialmediacenter.be\/fr\/","name":"ENGIE Social Media Center","description":"Pour une communication plus responsable et positive sur les r\u00e9seaux sociaux en 2021","publisher":{"@id":"https:\/\/socialmediacenter.be\/fr\/#organization"},"potentialAction":[{"@type":"SearchAction","target":{"@type":"EntryPoint","urlTemplate":"https:\/\/socialmediacenter.be\/fr\/?s={search_term_string}"},"query-input":{"@type":"PropertyValueSpecification","valueRequired":true,"valueName":"search_term_string"}}],"inLanguage":"fr-FR"},{"@type":"Organization","@id":"https:\/\/socialmediacenter.be\/fr\/#organization","name":"ENGIE Solutions","url":"https:\/\/socialmediacenter.be\/fr\/","logo":{"@type":"ImageObject","inLanguage":"fr-FR","@id":"https:\/\/socialmediacenter.be\/fr\/#\/schema\/logo\/image\/","url":"","contentUrl":"","caption":"ENGIE Solutions"},"image":{"@id":"https:\/\/socialmediacenter.be\/fr\/#\/schema\/logo\/image\/"}}]}},"_links":{"self":[{"href":"https:\/\/socialmediacenter.be\/fr\/wp-json\/wp\/v2\/pages\/2308","targetHints":{"allow":["GET"]}}],"collection":[{"href":"https:\/\/socialmediacenter.be\/fr\/wp-json\/wp\/v2\/pages"}],"about":[{"href":"https:\/\/socialmediacenter.be\/fr\/wp-json\/wp\/v2\/types\/page"}],"author":[{"embeddable":true,"href":"https:\/\/socialmediacenter.be\/fr\/wp-json\/wp\/v2\/users\/2"}],"replies":[{"embeddable":true,"href":"https:\/\/socialmediacenter.be\/fr\/wp-json\/wp\/v2\/comments?post=2308"}],"version-history":[{"count":0,"href":"https:\/\/socialmediacenter.be\/fr\/wp-json\/wp\/v2\/pages\/2308\/revisions"}],"wp:attachment":[{"href":"https:\/\/socialmediacenter.be\/fr\/wp-json\/wp\/v2\/media?parent=2308"}],"curies":[{"name":"wp","href":"https:\/\/api.w.org\/{rel}","templated":true}]}}