{"id":2613,"date":"2024-03-04T06:57:50","date_gmt":"2024-03-04T06:57:50","guid":{"rendered":"https:\/\/socialmediacenter.be\/ai\/"},"modified":"2024-03-04T08:58:16","modified_gmt":"2024-03-04T08:58:16","slug":"ai","status":"publish","type":"page","link":"https:\/\/socialmediacenter.be\/fr\/ai\/","title":{"rendered":"ai"},"content":{"rendered":"<div class=\"wpb-content-wrapper\"><p>[vc_row row_height_percent=\u00a0\u00bb0&Prime; override_padding=\u00a0\u00bbyes\u00a0\u00bb h_padding=\u00a0\u00bb2&Prime; top_padding=\u00a0\u00bb2&Prime; bottom_padding=\u00a0\u00bb1&Prime; overlay_alpha=\u00a0\u00bb50&Prime; gutter_size=\u00a0\u00bb3&Prime; column_width_percent=\u00a0\u00bb100&Prime; shift_y=\u00a0\u00bb0&Prime; z_index=\u00a0\u00bb0&Prime;][vc_column column_width_percent=\u00a0\u00bb100&Prime; position_vertical=\u00a0\u00bbmiddle\u00a0\u00bb align_horizontal=\u00a0\u00bbalign_center\u00a0\u00bb gutter_size=\u00a0\u00bb2&Prime; style=\u00a0\u00bbdark\u00a0\u00bb overlay_alpha=\u00a0\u00bb50&Prime; shift_x=\u00a0\u00bb0&Prime; shift_y=\u00a0\u00bb0&Prime; shift_y_down=\u00a0\u00bb0&Prime; z_index=\u00a0\u00bb0&Prime; medium_width=\u00a0\u00bb0&Prime; mobile_width=\u00a0\u00bb0&Prime; width=\u00a0\u00bb1\/1&Prime;][vc_empty_space empty_h=\u00a0\u00bb2&Prime; desktop_visibility=\u00a0\u00bbyes\u00a0\u00bb medium_visibility=\u00a0\u00bbyes\u00a0\u00bb mobile_visibility=\u00a0\u00bbyes\u00a0\u00bb][vc_custom_heading text_color=\u00a0\u00bbcolor-xsdn\u00a0\u00bb heading_semantic=\u00a0\u00bbh1&Prime; text_font=\u00a0\u00bbfont-728003&Prime; text_size=\u00a0\u00bbh1&Prime; uncode_shortcode_id=\u00a0\u00bb186746&Prime; text_color_type=\u00a0\u00bbuncode-palette\u00a0\u00bb]Comment contribuer \u00e0 la r\u00e9volution de l\u2019IA<br \/>\nau sein d\u2019ENGIE ?[\/vc_custom_heading][\/vc_column][\/vc_row][vc_row][vc_column column_width_percent=\u00a0\u00bb100&Prime; position_horizontal=\u00a0\u00bbleft\u00a0\u00bb position_vertical=\u00a0\u00bbmiddle\u00a0\u00bb gutter_size=\u00a0\u00bb2&Prime; back_color=\u00a0\u00bbcolor-xsdn\u00a0\u00bb overlay_alpha=\u00a0\u00bb50&Prime; shift_x=\u00a0\u00bb0&Prime; shift_y=\u00a0\u00bb0&Prime; shift_y_down=\u00a0\u00bb0&Prime; z_index=\u00a0\u00bb0&Prime; medium_width=\u00a0\u00bb0&Prime; mobile_width=\u00a0\u00bb0&Prime; radius=\u00a0\u00bbxs\u00a0\u00bb width=\u00a0\u00bb1\/1&Prime; uncode_shortcode_id=\u00a0\u00bb213431&Prime; back_color_type=\u00a0\u00bbuncode-palette\u00a0\u00bb][vc_column_text uncode_shortcode_id=\u00a0\u00bb716795&Prime;]<strong>L\u2019<\/strong><strong>intelligence artificielle (IA)<\/strong> <strong>bouleverse nos vies<\/strong> et a engendr\u00e9 des <strong>progr\u00e8s technologiques extraordinaires<\/strong><strong>, <\/strong>transformant notre monde de mani\u00e8re in\u00e9dite.<\/p>\n<p>L\u2019IA ouvre des\u00a0<strong>perspectives extraordinaires<\/strong>\u00a0<strong>pour<\/strong>\u00a0<strong>ENGIE<\/strong>, mais elle soul\u00e8ve \u00e9galement des\u00a0<strong>d\u00e9fis cruciaux<\/strong><strong>.<\/strong> En effet, l\u2019<strong>\u00e9thique<\/strong>\u00a0<strong>est au c\u0153ur des pr\u00e9occupations<\/strong>, avec des questions sensibles comme la\u00a0<strong>confidentialit\u00e9 des donn\u00e9es<\/strong><strong>, <\/strong>l\u2019<strong>autonomie des d\u00e9cisions<\/strong><strong>\u00a0<\/strong>et l\u2019<strong>impact social<\/strong>. De plus, la\u00a0<strong>d\u00e9pendance croissante \u00e0 l\u2019IA<\/strong>\u00a0<strong>exige une r\u00e9flexion approfondie<\/strong> sur la mani\u00e8re de garantir une\u00a0<strong>transition juste<\/strong>\u00a0vers cette nouvelle \u00e8re technologique.[\/vc_column_text][vc_empty_space empty_h=\u00a0\u00bb1&Prime; mobile_visibility=\u00a0\u00bbyes\u00a0\u00bb][vc_custom_heading text_color=\u00a0\u00bbcolor-577984&Prime; text_font=\u00a0\u00bbfont-728003&Prime; text_size=\u00a0\u00bbh3&Prime; uncode_shortcode_id=\u00a0\u00bb122841&Prime; text_color_type=\u00a0\u00bbuncode-palette\u00a0\u00bb]Comment utiliser l&rsquo;IA au sein d&rsquo;ENGIE ?[\/vc_custom_heading][vc_column_text uncode_shortcode_id=\u00a0\u00bb175168&Prime;]Si vous souhaitez utiliser l\u2019IA avec des donn\u00e9es ENGIE, <strong>l\u2019unique solution officielle est<\/strong> <strong>Bing Copilot<\/strong><strong>, <\/strong>qui garantit une utilisation s\u00e9curis\u00e9e de la puissance de l\u2019IA avec des donn\u00e9es d\u2019Internet.[\/vc_column_text][vc_empty_space empty_h=\u00a0\u00bb1&Prime; mobile_visibility=\u00a0\u00bbyes\u00a0\u00bb][vc_separator sep_color=\u00a0\u00bbcolor-wvjs\u00a0\u00bb type=\u00a0\u00bbdashed\u00a0\u00bb uncode_shortcode_id=\u00a0\u00bb897567&Prime; sep_color_type=\u00a0\u00bbuncode-palette\u00a0\u00bb][vc_empty_space empty_h=\u00a0\u00bb1&Prime; mobile_visibility=\u00a0\u00bbyes\u00a0\u00bb][vc_custom_heading text_color=\u00a0\u00bbcolor-577984&Prime; text_font=\u00a0\u00bbfont-728003&Prime; text_size=\u00a0\u00bbh3&Prime; uncode_shortcode_id=\u00a0\u00bb719908&Prime; text_color_type=\u00a0\u00bbuncode-palette\u00a0\u00bb]Comment acc\u00e9der au Bing Copilot ?[\/vc_custom_heading][vc_row_inner row_inner_height_percent=\u00a0\u00bb0&Prime; overlay_alpha=\u00a0\u00bb50&Prime; equal_height=\u00a0\u00bbyes\u00a0\u00bb gutter_size=\u00a0\u00bb4&Prime; shift_y=\u00a0\u00bb0&Prime; z_index=\u00a0\u00bb0&Prime; uncode_shortcode_id=\u00a0\u00bb172846&Prime;][vc_column_inner width=\u00a0\u00bb1\/2&Prime;][vc_single_image media=\u00a0\u00bb2608&Prime; media_width_percent=\u00a0\u00bb100&Prime; border=\u00a0\u00bbyes\u00a0\u00bb shadow=\u00a0\u00bbyes\u00a0\u00bb uncode_shortcode_id=\u00a0\u00bb182957&Prime;][\/vc_column_inner][vc_column_inner column_width_percent=\u00a0\u00bb100&Prime; position_vertical=\u00a0\u00bbmiddle\u00a0\u00bb gutter_size=\u00a0\u00bb3&Prime; overlay_alpha=\u00a0\u00bb50&Prime; shift_x=\u00a0\u00bb0&Prime; shift_y=\u00a0\u00bb0&Prime; shift_y_down=\u00a0\u00bb0&Prime; z_index=\u00a0\u00bb0&Prime; medium_width=\u00a0\u00bb0&Prime; mobile_width=\u00a0\u00bb0&Prime; width=\u00a0\u00bb1\/2&Prime; uncode_shortcode_id=\u00a0\u00bb206412&Prime;][vc_column_text uncode_shortcode_id=\u00a0\u00bb986027&Prime;]<\/p>\n<ol>\n<li><strong>Ouvrez le navigateur Edge<\/strong> (sur PC ou GSM)<\/li>\n<li>Cliquez sur l&rsquo;ic\u00f4ne <img decoding=\"async\" class=\"alignnone wp-image-2602\" src=\"https:\/\/socialmediacenter.be\/wp-content\/uploads\/2024\/03\/copilot.jpg\" alt=\"\" width=\"20\" height=\"19\" \/> (en haut \u00e0 droite)<\/li>\n<\/ol>\n<p>Le symbole prot\u00e9g\u00e9 vous confirme que les donn\u00e9es ENGIE peuvent \u00eatre trait\u00e9es en toute s\u00e9curit\u00e9.<br \/>\n<img decoding=\"async\" class=\"alignnone wp-image-2605\" src=\"https:\/\/socialmediacenter.be\/wp-content\/uploads\/2024\/03\/protected.jpg\" alt=\"\" width=\"116\" height=\"43\" \/>[\/vc_column_text][\/vc_column_inner][\/vc_row_inner][vc_empty_space empty_h=\u00a0\u00bb1&Prime; mobile_visibility=\u00a0\u00bbyes\u00a0\u00bb][vc_column_text uncode_shortcode_id=\u00a0\u00bb757167&Prime;]N\u2019h\u00e9sitez pas \u00e0 consulter <a href=\"https:\/\/engie.sharepoint.com\/sites\/myengieBE\/SitePages\/fr\/20231211_ArtificialIntelligence.aspx\">les r\u00e8gles \u00e0 respecter<\/a> dans le cadre de l\u2019utilisation de l\u2019IA.[\/vc_column_text][vc_empty_space empty_h=\u00a0\u00bb1&Prime; mobile_visibility=\u00a0\u00bbyes\u00a0\u00bb][vc_separator sep_color=\u00a0\u00bbcolor-wvjs\u00a0\u00bb type=\u00a0\u00bbdashed\u00a0\u00bb uncode_shortcode_id=\u00a0\u00bb897567&Prime; sep_color_type=\u00a0\u00bbuncode-palette\u00a0\u00bb][vc_empty_space empty_h=\u00a0\u00bb1&Prime; mobile_visibility=\u00a0\u00bbyes\u00a0\u00bb][vc_custom_heading text_color=\u00a0\u00bbcolor-577984&Prime; heading_semantic=\u00a0\u00bbh3&Prime; text_font=\u00a0\u00bbfont-728003&Prime; text_size=\u00a0\u00bbh3&Prime; uncode_shortcode_id=\u00a0\u00bb213265&Prime; text_color_type=\u00a0\u00bbuncode-palette\u00a0\u00bb]Comment s\u2019informer de l\u2019\u00e9volution de l\u2019IA au sein d\u2019ENGIE ?[\/vc_custom_heading][vc_column_text uncode_shortcode_id=\u00a0\u00bb345302&Prime;]<\/p>\n<ul>\n<li>Inscrivez-vous sur le <a href=\"https:\/\/web.yammer.com\/main\/org\/engie.com\/groups\/eyJfdHlwZSI6Ikdyb3VwIiwiaWQiOiIxNzMyODA3NTU3MTIifQ\/all\">groupe Yammer \u201cAI 4 All\u201d<\/a> afin de trouver de nombreuses informations pratiques et \u00e9changer sur l\u2019actualit\u00e9 AI.<\/li>\n<li>Visionnez les <a href=\"https:\/\/engie.sharepoint.com\/sites\/myengieBE\/_layouts\/15\/stream.aspx?id=%2Fsites%2FmyengieBE%2FVideos%2F20231115%5FArtificial%20Intelligence%20with%20Jo%20Caudron%2Emp4&amp;referrer=StreamWebApp%2EWeb&amp;referrerScenario=AddressBarCopied%2Eview\">pr\u00e9sentations inspirantes<\/a> <strong>de <\/strong><strong>Jo Caudron<\/strong> (Expert Digital) et denotre coll\u00e8gue <strong>Mathias Helmholdt<\/strong>\u00a0 (Expert IA) sur le sujet.<\/li>\n<li>Contactez <a href=\"mailto:mathias.helmholdt@engie.com\">helmholdt@engie.com<\/a> si vous avez des propositions ou id\u00e9es de POC \u00e0 d\u00e9velopper.<\/li>\n<\/ul>\n<p>[\/vc_column_text][\/vc_column][\/vc_row][vc_row][vc_column column_width_percent=\u00a0\u00bb100&Prime; align_horizontal=\u00a0\u00bbalign_center\u00a0\u00bb gutter_size=\u00a0\u00bb3&Prime; overlay_alpha=\u00a0\u00bb50&Prime; shift_x=\u00a0\u00bb0&Prime; shift_y=\u00a0\u00bb0&Prime; shift_y_down=\u00a0\u00bb0&Prime; z_index=\u00a0\u00bb0&Prime; medium_width=\u00a0\u00bb0&Prime; mobile_width=\u00a0\u00bb0&Prime; width=\u00a0\u00bb1\/1&Prime;][vc_empty_space empty_h=\u00a0\u00bb3&Prime; mobile_visibility=\u00a0\u00bbyes\u00a0\u00bb][vc_button button_color=\u00a0\u00bbcolor-577984&Prime; size=\u00a0\u00bbbtn-lg\u00a0\u00bb radius=\u00a0\u00bbbtn-circle\u00a0\u00bb border_animation=\u00a0\u00bbbtn-ripple-out\u00a0\u00bb hover_fx=\u00a0\u00bbfull-colored\u00a0\u00bb outline=\u00a0\u00bbyes\u00a0\u00bb border_width=\u00a0\u00bb0&Prime; link=\u00a0\u00bburl:%2Ffr%2F|title:Social%20Media%20Center\u00a0\u00bb]&lt; Retour vers la page d&rsquo;accueil[\/vc_button][vc_empty_space empty_h=\u00a0\u00bb1&Prime; mobile_visibility=\u00a0\u00bbyes\u00a0\u00bb][\/vc_column][\/vc_row]<\/p>\n<\/div>","protected":false},"excerpt":{"rendered":"<p>[vc_row row_height_percent=\u00a0\u00bb0&Prime; override_padding=\u00a0\u00bbyes\u00a0\u00bb h_padding=\u00a0\u00bb2&Prime; top_padding=\u00a0\u00bb2&Prime; bottom_padding=\u00a0\u00bb1&Prime; overlay_alpha=\u00a0\u00bb50&Prime; gutter_size=\u00a0\u00bb3&Prime; column_width_percent=\u00a0\u00bb100&Prime; shift_y=\u00a0\u00bb0&Prime; z_index=\u00a0\u00bb0&Prime;][vc_column column_width_percent=\u00a0\u00bb100&Prime; position_vertical=\u00a0\u00bbmiddle\u00a0\u00bb align_horizontal=\u00a0\u00bbalign_center\u00a0\u00bb gutter_size=\u00a0\u00bb2&Prime; style=\u00a0\u00bbdark\u00a0\u00bb overlay_alpha=\u00a0\u00bb50&Prime; shift_x=\u00a0\u00bb0&Prime; shift_y=\u00a0\u00bb0&Prime; shift_y_down=\u00a0\u00bb0&Prime; [&hellip;]<\/p>\n","protected":false},"author":2,"featured_media":0,"parent":0,"menu_order":0,"comment_status":"closed","ping_status":"closed","template":"","meta":{"footnotes":""},"class_list":["post-2613","page","type-page","status-publish","hentry"],"yoast_head":"<!-- This site is optimized with the Yoast SEO plugin v27.4 - https:\/\/yoast.com\/product\/yoast-seo-wordpress\/ -->\n<title>ai - ENGIE Social Media Center<\/title>\n<meta name=\"robots\" content=\"noindex, follow, max-snippet:-1, max-image-preview:large, max-video-preview:-1\" \/>\n<meta property=\"og:locale\" content=\"fr_FR\" \/>\n<meta property=\"og:type\" content=\"article\" \/>\n<meta property=\"og:title\" content=\"ai - ENGIE Social Media Center\" \/>\n<meta property=\"og:description\" content=\"[vc_row row_height_percent=\u00a0\u00bb0&Prime; override_padding=\u00a0\u00bbyes\u00a0\u00bb h_padding=\u00a0\u00bb2&Prime; top_padding=\u00a0\u00bb2&Prime; bottom_padding=\u00a0\u00bb1&Prime; overlay_alpha=\u00a0\u00bb50&Prime; gutter_size=\u00a0\u00bb3&Prime; column_width_percent=\u00a0\u00bb100&Prime; shift_y=\u00a0\u00bb0&Prime; z_index=\u00a0\u00bb0&Prime;][vc_column column_width_percent=\u00a0\u00bb100&Prime; position_vertical=\u00a0\u00bbmiddle\u00a0\u00bb align_horizontal=\u00a0\u00bbalign_center\u00a0\u00bb gutter_size=\u00a0\u00bb2&Prime; style=\u00a0\u00bbdark\u00a0\u00bb overlay_alpha=\u00a0\u00bb50&Prime; shift_x=\u00a0\u00bb0&Prime; shift_y=\u00a0\u00bb0&Prime; shift_y_down=\u00a0\u00bb0&Prime; [&hellip;]\" \/>\n<meta property=\"og:url\" content=\"https:\/\/socialmediacenter.be\/fr\/ai\/\" \/>\n<meta property=\"og:site_name\" content=\"ENGIE Social Media Center\" \/>\n<meta property=\"article:modified_time\" content=\"2024-03-04T08:58:16+00:00\" \/>\n<meta property=\"og:image\" content=\"https:\/\/socialmediacenter.be\/wp-content\/uploads\/2024\/03\/copilot.jpg\" \/>\n<meta name=\"twitter:card\" content=\"summary_large_image\" \/>\n<meta name=\"twitter:label1\" content=\"Dur\u00e9e de lecture estim\u00e9e\" \/>\n\t<meta name=\"twitter:data1\" content=\"3 minutes\" \/>\n<script type=\"application\/ld+json\" class=\"yoast-schema-graph\">{\"@context\":\"https:\\\/\\\/schema.org\",\"@graph\":[{\"@type\":\"WebPage\",\"@id\":\"https:\\\/\\\/socialmediacenter.be\\\/fr\\\/ai\\\/\",\"url\":\"https:\\\/\\\/socialmediacenter.be\\\/fr\\\/ai\\\/\",\"name\":\"ai - ENGIE Social Media Center\",\"isPartOf\":{\"@id\":\"https:\\\/\\\/socialmediacenter.be\\\/fr\\\/#website\"},\"primaryImageOfPage\":{\"@id\":\"https:\\\/\\\/socialmediacenter.be\\\/fr\\\/ai\\\/#primaryimage\"},\"image\":{\"@id\":\"https:\\\/\\\/socialmediacenter.be\\\/fr\\\/ai\\\/#primaryimage\"},\"thumbnailUrl\":\"https:\\\/\\\/socialmediacenter.be\\\/wp-content\\\/uploads\\\/2024\\\/03\\\/copilot.jpg\",\"datePublished\":\"2024-03-04T06:57:50+00:00\",\"dateModified\":\"2024-03-04T08:58:16+00:00\",\"breadcrumb\":{\"@id\":\"https:\\\/\\\/socialmediacenter.be\\\/fr\\\/ai\\\/#breadcrumb\"},\"inLanguage\":\"fr-FR\",\"potentialAction\":[{\"@type\":\"ReadAction\",\"target\":[\"https:\\\/\\\/socialmediacenter.be\\\/fr\\\/ai\\\/\"]}]},{\"@type\":\"ImageObject\",\"inLanguage\":\"fr-FR\",\"@id\":\"https:\\\/\\\/socialmediacenter.be\\\/fr\\\/ai\\\/#primaryimage\",\"url\":\"https:\\\/\\\/socialmediacenter.be\\\/wp-content\\\/uploads\\\/2024\\\/03\\\/copilot.jpg\",\"contentUrl\":\"https:\\\/\\\/socialmediacenter.be\\\/wp-content\\\/uploads\\\/2024\\\/03\\\/copilot.jpg\"},{\"@type\":\"BreadcrumbList\",\"@id\":\"https:\\\/\\\/socialmediacenter.be\\\/fr\\\/ai\\\/#breadcrumb\",\"itemListElement\":[{\"@type\":\"ListItem\",\"position\":1,\"name\":\"Accueil\",\"item\":\"https:\\\/\\\/socialmediacenter.be\\\/fr\\\/\"},{\"@type\":\"ListItem\",\"position\":2,\"name\":\"ai\"}]},{\"@type\":\"WebSite\",\"@id\":\"https:\\\/\\\/socialmediacenter.be\\\/fr\\\/#website\",\"url\":\"https:\\\/\\\/socialmediacenter.be\\\/fr\\\/\",\"name\":\"ENGIE Social Media Center\",\"description\":\"Pour une communication plus responsable et positive sur les r\u00e9seaux sociaux en 2021\",\"publisher\":{\"@id\":\"https:\\\/\\\/socialmediacenter.be\\\/fr\\\/#organization\"},\"potentialAction\":[{\"@type\":\"SearchAction\",\"target\":{\"@type\":\"EntryPoint\",\"urlTemplate\":\"https:\\\/\\\/socialmediacenter.be\\\/fr\\\/?s={search_term_string}\"},\"query-input\":{\"@type\":\"PropertyValueSpecification\",\"valueRequired\":true,\"valueName\":\"search_term_string\"}}],\"inLanguage\":\"fr-FR\"},{\"@type\":\"Organization\",\"@id\":\"https:\\\/\\\/socialmediacenter.be\\\/fr\\\/#organization\",\"name\":\"ENGIE Solutions\",\"url\":\"https:\\\/\\\/socialmediacenter.be\\\/fr\\\/\",\"logo\":{\"@type\":\"ImageObject\",\"inLanguage\":\"fr-FR\",\"@id\":\"https:\\\/\\\/socialmediacenter.be\\\/fr\\\/#\\\/schema\\\/logo\\\/image\\\/\",\"url\":\"\",\"contentUrl\":\"\",\"caption\":\"ENGIE Solutions\"},\"image\":{\"@id\":\"https:\\\/\\\/socialmediacenter.be\\\/fr\\\/#\\\/schema\\\/logo\\\/image\\\/\"}}]}<\/script>\n<!-- \/ Yoast SEO plugin. -->","yoast_head_json":{"title":"ai - ENGIE Social Media Center","robots":{"index":"noindex","follow":"follow","max-snippet":"max-snippet:-1","max-image-preview":"max-image-preview:large","max-video-preview":"max-video-preview:-1"},"og_locale":"fr_FR","og_type":"article","og_title":"ai - ENGIE Social Media Center","og_description":"[vc_row row_height_percent=\u00a0\u00bb0&Prime; override_padding=\u00a0\u00bbyes\u00a0\u00bb h_padding=\u00a0\u00bb2&Prime; top_padding=\u00a0\u00bb2&Prime; bottom_padding=\u00a0\u00bb1&Prime; overlay_alpha=\u00a0\u00bb50&Prime; gutter_size=\u00a0\u00bb3&Prime; column_width_percent=\u00a0\u00bb100&Prime; shift_y=\u00a0\u00bb0&Prime; z_index=\u00a0\u00bb0&Prime;][vc_column column_width_percent=\u00a0\u00bb100&Prime; position_vertical=\u00a0\u00bbmiddle\u00a0\u00bb align_horizontal=\u00a0\u00bbalign_center\u00a0\u00bb gutter_size=\u00a0\u00bb2&Prime; style=\u00a0\u00bbdark\u00a0\u00bb overlay_alpha=\u00a0\u00bb50&Prime; shift_x=\u00a0\u00bb0&Prime; shift_y=\u00a0\u00bb0&Prime; shift_y_down=\u00a0\u00bb0&Prime; [&hellip;]","og_url":"https:\/\/socialmediacenter.be\/fr\/ai\/","og_site_name":"ENGIE Social Media Center","article_modified_time":"2024-03-04T08:58:16+00:00","og_image":[{"url":"https:\/\/socialmediacenter.be\/wp-content\/uploads\/2024\/03\/copilot.jpg","type":"","width":"","height":""}],"twitter_card":"summary_large_image","twitter_misc":{"Dur\u00e9e de lecture estim\u00e9e":"3 minutes"},"schema":{"@context":"https:\/\/schema.org","@graph":[{"@type":"WebPage","@id":"https:\/\/socialmediacenter.be\/fr\/ai\/","url":"https:\/\/socialmediacenter.be\/fr\/ai\/","name":"ai - ENGIE Social Media Center","isPartOf":{"@id":"https:\/\/socialmediacenter.be\/fr\/#website"},"primaryImageOfPage":{"@id":"https:\/\/socialmediacenter.be\/fr\/ai\/#primaryimage"},"image":{"@id":"https:\/\/socialmediacenter.be\/fr\/ai\/#primaryimage"},"thumbnailUrl":"https:\/\/socialmediacenter.be\/wp-content\/uploads\/2024\/03\/copilot.jpg","datePublished":"2024-03-04T06:57:50+00:00","dateModified":"2024-03-04T08:58:16+00:00","breadcrumb":{"@id":"https:\/\/socialmediacenter.be\/fr\/ai\/#breadcrumb"},"inLanguage":"fr-FR","potentialAction":[{"@type":"ReadAction","target":["https:\/\/socialmediacenter.be\/fr\/ai\/"]}]},{"@type":"ImageObject","inLanguage":"fr-FR","@id":"https:\/\/socialmediacenter.be\/fr\/ai\/#primaryimage","url":"https:\/\/socialmediacenter.be\/wp-content\/uploads\/2024\/03\/copilot.jpg","contentUrl":"https:\/\/socialmediacenter.be\/wp-content\/uploads\/2024\/03\/copilot.jpg"},{"@type":"BreadcrumbList","@id":"https:\/\/socialmediacenter.be\/fr\/ai\/#breadcrumb","itemListElement":[{"@type":"ListItem","position":1,"name":"Accueil","item":"https:\/\/socialmediacenter.be\/fr\/"},{"@type":"ListItem","position":2,"name":"ai"}]},{"@type":"WebSite","@id":"https:\/\/socialmediacenter.be\/fr\/#website","url":"https:\/\/socialmediacenter.be\/fr\/","name":"ENGIE Social Media Center","description":"Pour une communication plus responsable et positive sur les r\u00e9seaux sociaux en 2021","publisher":{"@id":"https:\/\/socialmediacenter.be\/fr\/#organization"},"potentialAction":[{"@type":"SearchAction","target":{"@type":"EntryPoint","urlTemplate":"https:\/\/socialmediacenter.be\/fr\/?s={search_term_string}"},"query-input":{"@type":"PropertyValueSpecification","valueRequired":true,"valueName":"search_term_string"}}],"inLanguage":"fr-FR"},{"@type":"Organization","@id":"https:\/\/socialmediacenter.be\/fr\/#organization","name":"ENGIE Solutions","url":"https:\/\/socialmediacenter.be\/fr\/","logo":{"@type":"ImageObject","inLanguage":"fr-FR","@id":"https:\/\/socialmediacenter.be\/fr\/#\/schema\/logo\/image\/","url":"","contentUrl":"","caption":"ENGIE Solutions"},"image":{"@id":"https:\/\/socialmediacenter.be\/fr\/#\/schema\/logo\/image\/"}}]}},"_links":{"self":[{"href":"https:\/\/socialmediacenter.be\/fr\/wp-json\/wp\/v2\/pages\/2613","targetHints":{"allow":["GET"]}}],"collection":[{"href":"https:\/\/socialmediacenter.be\/fr\/wp-json\/wp\/v2\/pages"}],"about":[{"href":"https:\/\/socialmediacenter.be\/fr\/wp-json\/wp\/v2\/types\/page"}],"author":[{"embeddable":true,"href":"https:\/\/socialmediacenter.be\/fr\/wp-json\/wp\/v2\/users\/2"}],"replies":[{"embeddable":true,"href":"https:\/\/socialmediacenter.be\/fr\/wp-json\/wp\/v2\/comments?post=2613"}],"version-history":[{"count":0,"href":"https:\/\/socialmediacenter.be\/fr\/wp-json\/wp\/v2\/pages\/2613\/revisions"}],"wp:attachment":[{"href":"https:\/\/socialmediacenter.be\/fr\/wp-json\/wp\/v2\/media?parent=2613"}],"curies":[{"name":"wp","href":"https:\/\/api.w.org\/{rel}","templated":true}]}}